{"id":584,"date":"2019-02-05T17:13:30","date_gmt":"2019-02-05T16:13:30","guid":{"rendered":"http:\/\/dev.snakepithardcore.com\/tickets\/"},"modified":"2025-11-02T00:43:58","modified_gmt":"2025-11-01T23:43:58","slug":"tickets","status":"publish","type":"page","link":"https:\/\/www.snakepithardcore.com\/nl\/tickets\/","title":{"rendered":"Tickets"},"content":{"rendered":"<h6>Tickets voor Snakepit 2026 zijn nog niet verkrijgbaar.<\/h6>\n<a class=\"maxbutton-3 maxbutton maxbutton-word-member\" href=\"https:\/\/www.snakepithardcore.com\/?members=register\"><span class='mb-text'>WORD MEMBER<\/span><\/a>\n<p>&nbsp;<\/p>\n","protected":false},"excerpt":{"rendered":"<p>Tickets voor Snakepit 2026 zijn nog niet verkrijgbaar. &nbsp;<\/p>\n","protected":false},"author":1,"featured_media":0,"parent":0,"menu_order":140,"comment_status":"closed","ping_status":"closed","template":"page_tickets.php","meta":{"_acf_changed":false,"footnotes":""},"class_list":["post-584","page","type-page","status-publish","hentry"],"acf":[],"yoast_head":"<!-- This site is optimized with the Yoast SEO plugin v27.5 - https:\/\/yoast.com\/product\/yoast-seo-wordpress\/ -->\n<title>Snakepit 2026 tickets | Offici\u00eble verkoopkanaal<\/title>\n<meta name=\"description\" content=\"Het offici\u00eble verkoopkanaal voor Snakepit 2026 tickets. Pas op voor oplichters en offici\u00eble resellers! Neem altijd contact met ons op bij twijfel.\" \/>\n<meta name=\"robots\" content=\"index, follow, max-snippet:-1, max-image-preview:large, max-video-preview:-1\" \/>\n<link rel=\"canonical\" href=\"https:\/\/www.snakepithardcore.com\/tickets\" \/>\n<meta property=\"og:locale\" content=\"nl_NL\" \/>\n<meta property=\"og:type\" content=\"article\" \/>\n<meta property=\"og:title\" content=\"Snakepit 2026 tickets | Offici\u00eble verkoopkanaal\" \/>\n<meta property=\"og:description\" content=\"Het offici\u00eble verkoopkanaal voor Snakepit 2026 tickets. Pas op voor oplichters en offici\u00eble resellers! Neem altijd contact met ons op bij twijfel.\" \/>\n<meta property=\"og:url\" content=\"https:\/\/www.snakepithardcore.com\/tickets\" \/>\n<meta property=\"og:site_name\" content=\"Snakepit 2025\" \/>\n<meta property=\"article:publisher\" content=\"https:\/\/www.facebook.com\/officialsnakepit\/\" \/>\n<meta property=\"article:modified_time\" content=\"2025-11-01T23:43:58+00:00\" \/>\n<meta name=\"twitter:card\" content=\"summary_large_image\" \/>\n<meta name=\"twitter:label1\" content=\"Geschatte leestijd\" \/>\n\t<meta name=\"twitter:data1\" content=\"1 minuut\" \/>\n<script type=\"application\/ld+json\" class=\"yoast-schema-graph\">{\"@context\":\"https:\\\/\\\/schema.org\",\"@graph\":[{\"@type\":\"WebPage\",\"@id\":\"https:\\\/\\\/www.snakepithardcore.com\\\/nl\\\/tickets\\\/\",\"url\":\"https:\\\/\\\/www.snakepithardcore.com\\\/tickets\",\"name\":\"Snakepit 2026 tickets | Offici\u00eble verkoopkanaal\",\"isPartOf\":{\"@id\":\"https:\\\/\\\/www.snakepithardcore.com\\\/#website\"},\"datePublished\":\"2019-02-05T16:13:30+00:00\",\"dateModified\":\"2025-11-01T23:43:58+00:00\",\"description\":\"Het offici\u00eble verkoopkanaal voor Snakepit 2026 tickets. Pas op voor oplichters en offici\u00eble resellers! Neem altijd contact met ons op bij twijfel.\",\"breadcrumb\":{\"@id\":\"https:\\\/\\\/www.snakepithardcore.com\\\/tickets#breadcrumb\"},\"inLanguage\":\"nl-NL\",\"potentialAction\":[{\"@type\":\"ReadAction\",\"target\":[\"https:\\\/\\\/www.snakepithardcore.com\\\/tickets\"]}]},{\"@type\":\"BreadcrumbList\",\"@id\":\"https:\\\/\\\/www.snakepithardcore.com\\\/tickets#breadcrumb\",\"itemListElement\":[{\"@type\":\"ListItem\",\"position\":1,\"name\":\"Home\",\"item\":\"https:\\\/\\\/www.snakepithardcore.com\\\/nl\\\/\"},{\"@type\":\"ListItem\",\"position\":2,\"name\":\"Tickets\"}]},{\"@type\":\"WebSite\",\"@id\":\"https:\\\/\\\/www.snakepithardcore.com\\\/#website\",\"url\":\"https:\\\/\\\/www.snakepithardcore.com\\\/\",\"name\":\"Snakepit\",\"description\":\"The Need For Speed\",\"publisher\":{\"@id\":\"https:\\\/\\\/www.snakepithardcore.com\\\/#organization\"},\"potentialAction\":[{\"@type\":\"SearchAction\",\"target\":{\"@type\":\"EntryPoint\",\"urlTemplate\":\"https:\\\/\\\/www.snakepithardcore.com\\\/?s={search_term_string}\"},\"query-input\":{\"@type\":\"PropertyValueSpecification\",\"valueRequired\":true,\"valueName\":\"search_term_string\"}}],\"inLanguage\":\"nl-NL\"},{\"@type\":\"Organization\",\"@id\":\"https:\\\/\\\/www.snakepithardcore.com\\\/#organization\",\"name\":\"Snakepit\",\"url\":\"https:\\\/\\\/www.snakepithardcore.com\\\/\",\"logo\":{\"@type\":\"ImageObject\",\"inLanguage\":\"nl-NL\",\"@id\":\"https:\\\/\\\/www.snakepithardcore.com\\\/#\\\/schema\\\/logo\\\/image\\\/\",\"url\":\"https:\\\/\\\/www.snakepithardcore.com\\\/wp-content\\\/uploads\\\/2019\\\/07\\\/20023855_450146272029710_5560017577277886016_o.png\",\"contentUrl\":\"https:\\\/\\\/www.snakepithardcore.com\\\/wp-content\\\/uploads\\\/2019\\\/07\\\/20023855_450146272029710_5560017577277886016_o.png\",\"width\":1066,\"height\":1066,\"caption\":\"Snakepit\"},\"image\":{\"@id\":\"https:\\\/\\\/www.snakepithardcore.com\\\/#\\\/schema\\\/logo\\\/image\\\/\"},\"sameAs\":[\"https:\\\/\\\/www.facebook.com\\\/officialsnakepit\\\/\",\"https:\\\/\\\/www.instagram.com\\\/enterthesnakepit\",\"https:\\\/\\\/www.youtube.com\\\/channel\\\/UCzzMxCpE3-RtWo28-y-4W6A\"]}]}<\/script>\n<!-- \/ Yoast SEO plugin. -->","yoast_head_json":{"title":"Snakepit 2026 tickets | Offici\u00eble verkoopkanaal","description":"Het offici\u00eble verkoopkanaal voor Snakepit 2026 tickets. Pas op voor oplichters en offici\u00eble resellers! Neem altijd contact met ons op bij twijfel.","robots":{"index":"index","follow":"follow","max-snippet":"max-snippet:-1","max-image-preview":"max-image-preview:large","max-video-preview":"max-video-preview:-1"},"canonical":"https:\/\/www.snakepithardcore.com\/tickets","og_locale":"nl_NL","og_type":"article","og_title":"Snakepit 2026 tickets | Offici\u00eble verkoopkanaal","og_description":"Het offici\u00eble verkoopkanaal voor Snakepit 2026 tickets. Pas op voor oplichters en offici\u00eble resellers! Neem altijd contact met ons op bij twijfel.","og_url":"https:\/\/www.snakepithardcore.com\/tickets","og_site_name":"Snakepit 2025","article_publisher":"https:\/\/www.facebook.com\/officialsnakepit\/","article_modified_time":"2025-11-01T23:43:58+00:00","twitter_card":"summary_large_image","twitter_misc":{"Geschatte leestijd":"1 minuut"},"schema":{"@context":"https:\/\/schema.org","@graph":[{"@type":"WebPage","@id":"https:\/\/www.snakepithardcore.com\/nl\/tickets\/","url":"https:\/\/www.snakepithardcore.com\/tickets","name":"Snakepit 2026 tickets | Offici\u00eble verkoopkanaal","isPartOf":{"@id":"https:\/\/www.snakepithardcore.com\/#website"},"datePublished":"2019-02-05T16:13:30+00:00","dateModified":"2025-11-01T23:43:58+00:00","description":"Het offici\u00eble verkoopkanaal voor Snakepit 2026 tickets. Pas op voor oplichters en offici\u00eble resellers! Neem altijd contact met ons op bij twijfel.","breadcrumb":{"@id":"https:\/\/www.snakepithardcore.com\/tickets#breadcrumb"},"inLanguage":"nl-NL","potentialAction":[{"@type":"ReadAction","target":["https:\/\/www.snakepithardcore.com\/tickets"]}]},{"@type":"BreadcrumbList","@id":"https:\/\/www.snakepithardcore.com\/tickets#breadcrumb","itemListElement":[{"@type":"ListItem","position":1,"name":"Home","item":"https:\/\/www.snakepithardcore.com\/nl\/"},{"@type":"ListItem","position":2,"name":"Tickets"}]},{"@type":"WebSite","@id":"https:\/\/www.snakepithardcore.com\/#website","url":"https:\/\/www.snakepithardcore.com\/","name":"Snakepit","description":"The Need For Speed","publisher":{"@id":"https:\/\/www.snakepithardcore.com\/#organization"},"potentialAction":[{"@type":"SearchAction","target":{"@type":"EntryPoint","urlTemplate":"https:\/\/www.snakepithardcore.com\/?s={search_term_string}"},"query-input":{"@type":"PropertyValueSpecification","valueRequired":true,"valueName":"search_term_string"}}],"inLanguage":"nl-NL"},{"@type":"Organization","@id":"https:\/\/www.snakepithardcore.com\/#organization","name":"Snakepit","url":"https:\/\/www.snakepithardcore.com\/","logo":{"@type":"ImageObject","inLanguage":"nl-NL","@id":"https:\/\/www.snakepithardcore.com\/#\/schema\/logo\/image\/","url":"https:\/\/www.snakepithardcore.com\/wp-content\/uploads\/2019\/07\/20023855_450146272029710_5560017577277886016_o.png","contentUrl":"https:\/\/www.snakepithardcore.com\/wp-content\/uploads\/2019\/07\/20023855_450146272029710_5560017577277886016_o.png","width":1066,"height":1066,"caption":"Snakepit"},"image":{"@id":"https:\/\/www.snakepithardcore.com\/#\/schema\/logo\/image\/"},"sameAs":["https:\/\/www.facebook.com\/officialsnakepit\/","https:\/\/www.instagram.com\/enterthesnakepit","https:\/\/www.youtube.com\/channel\/UCzzMxCpE3-RtWo28-y-4W6A"]}]}},"_links":{"self":[{"href":"https:\/\/www.snakepithardcore.com\/nl\/wp-json\/wp\/v2\/pages\/584","targetHints":{"allow":["GET"]}}],"collection":[{"href":"https:\/\/www.snakepithardcore.com\/nl\/wp-json\/wp\/v2\/pages"}],"about":[{"href":"https:\/\/www.snakepithardcore.com\/nl\/wp-json\/wp\/v2\/types\/page"}],"author":[{"embeddable":true,"href":"https:\/\/www.snakepithardcore.com\/nl\/wp-json\/wp\/v2\/users\/1"}],"replies":[{"embeddable":true,"href":"https:\/\/www.snakepithardcore.com\/nl\/wp-json\/wp\/v2\/comments?post=584"}],"version-history":[{"count":0,"href":"https:\/\/www.snakepithardcore.com\/nl\/wp-json\/wp\/v2\/pages\/584\/revisions"}],"wp:attachment":[{"href":"https:\/\/www.snakepithardcore.com\/nl\/wp-json\/wp\/v2\/media?parent=584"}],"curies":[{"name":"wp","href":"https:\/\/api.w.org\/{rel}","templated":true}]}}